{"id":323,"date":"2023-08-09T19:55:33","date_gmt":"2023-08-09T17:55:33","guid":{"rendered":"http:\/\/patisserienugue.com\/?page_id=323"},"modified":"2023-08-31T21:34:20","modified_gmt":"2023-08-31T19:34:20","slug":"glaces","status":"publish","type":"page","link":"https:\/\/patisserienugue.com\/index.php\/glaces\/","title":{"rendered":"Glaces"},"content":{"rendered":"\t\t<div data-elementor-type=\"wp-page\" data-elementor-id=\"323\" class=\"elementor elementor-323\">\n\t\t\t\t\t\t\t\t\t<section class=\"elementor-section elementor-top-section elementor-element elementor-element-931e395 elementor-section-boxed elementor-section-height-default elementor-section-height-default\" data-id=\"931e395\" data-element_type=\"section\">\n\t\t\t\t\t\t<div class=\"elementor-container elementor-column-gap-default\">\n\t\t\t\t\t<div class=\"elementor-column elementor-col-100 elementor-top-column elementor-element elementor-element-320939c\" data-id=\"320939c\" data-element_type=\"column\">\n\t\t\t<div class=\"elementor-widget-wrap elementor-element-populated\">\n\t\t\t\t\t\t\t\t<div class=\"elementor-element elementor-element-f4eceb7 elementor-widget elementor-widget-heading\" data-id=\"f4eceb7\" data-element_type=\"widget\" data-widget_type=\"heading.default\">\n\t\t\t\t<div class=\"elementor-widget-container\">\n\t\t\t<style>\/*! elementor - v3.15.0 - 20-08-2023 *\/\n.elementor-heading-title{padding:0;margin:0;line-height:1}.elementor-widget-heading .elementor-heading-title[class*=elementor-size-]>a{color:inherit;font-size:inherit;line-height:inherit}.elementor-widget-heading .elementor-heading-title.elementor-size-small{font-size:15px}.elementor-widget-heading .elementor-heading-title.elementor-size-medium{font-size:19px}.elementor-widget-heading .elementor-heading-title.elementor-size-large{font-size:29px}.elementor-widget-heading .elementor-heading-title.elementor-size-xl{font-size:39px}.elementor-widget-heading .elementor-heading-title.elementor-size-xxl{font-size:59px}<\/style><h2 class=\"elementor-heading-title elementor-size-default\">Glaces artisanales et desserts glac\u00e9s \u00e0 Chauffailles\n<\/h2>\t\t<\/div>\n\t\t\t\t<\/div>\n\t\t\t\t<div class=\"elementor-element elementor-element-742629d elementor-widget elementor-widget-text-editor\" data-id=\"742629d\" data-element_type=\"widget\" data-widget_type=\"text-editor.default\">\n\t\t\t\t<div class=\"elementor-widget-container\">\n\t\t\t<style>\/*! elementor - v3.15.0 - 20-08-2023 *\/\n.elementor-widget-text-editor.elementor-drop-cap-view-stacked .elementor-drop-cap{background-color:#69727d;color:#fff}.elementor-widget-text-editor.elementor-drop-cap-view-framed .elementor-drop-cap{color:#69727d;border:3px solid;background-color:transparent}.elementor-widget-text-editor:not(.elementor-drop-cap-view-default) .elementor-drop-cap{margin-top:8px}.elementor-widget-text-editor:not(.elementor-drop-cap-view-default) .elementor-drop-cap-letter{width:1em;height:1em}.elementor-widget-text-editor .elementor-drop-cap{float:left;text-align:center;line-height:1;font-size:50px}.elementor-widget-text-editor .elementor-drop-cap-letter{display:inline-block}<\/style>\t\t\t\t<p>La P\u00e2tisserie Chocolaterie NUGUE \u00e0 Chauffailles vous propose une collection de glaces, de sorbets et desserts glac\u00e9s faits maison. Un large choix de parfum est disponible allant du plus classique au plus original.<\/p>\t\t\t\t\t\t<\/div>\n\t\t\t\t<\/div>\n\t\t\t\t<section class=\"elementor-section elementor-inner-section elementor-element elementor-element-5bc1728 elementor-section-boxed elementor-section-height-default elementor-section-height-default\" data-id=\"5bc1728\" data-element_type=\"section\">\n\t\t\t\t\t\t<div class=\"elementor-container elementor-column-gap-default\">\n\t\t\t\t\t<div class=\"elementor-column elementor-col-50 elementor-inner-column elementor-element elementor-element-26f9235\" data-id=\"26f9235\" data-element_type=\"column\">\n\t\t\t<div class=\"elementor-widget-wrap elementor-element-populated\">\n\t\t\t\t\t\t\t\t<div class=\"elementor-element elementor-element-1233972 elementor-widget elementor-widget-heading\" data-id=\"1233972\" data-element_type=\"widget\" data-widget_type=\"heading.default\">\n\t\t\t\t<div class=\"elementor-widget-container\">\n\t\t\t<h1 class=\"elementor-heading-title elementor-size-default\">Nos sorbets<\/h1>\t\t<\/div>\n\t\t\t\t<\/div>\n\t\t\t\t<div class=\"elementor-element elementor-element-e0e937e elementor-widget elementor-widget-text-editor\" data-id=\"e0e937e\" data-element_type=\"widget\" data-widget_type=\"text-editor.default\">\n\t\t\t\t<div class=\"elementor-widget-container\">\n\t\t\t\t\t\t\t<ul><li style=\"list-style-type: none;\"><ul><li style=\"list-style-type: none;\"><ul><li style=\"list-style-type: none;\"><ul><li>Abricot<\/li><li>Cassis<\/li><li>Citron<\/li><li>Fraise<\/li><li>Framboise<\/li><li>Kalamansi<\/li><li>Mangue<\/li><li>Pamplemousse rose<\/li><li>Passion<\/li><li>Poire<\/li><\/ul><\/li><\/ul><\/li><\/ul><\/li><\/ul>\t\t\t\t\t\t<\/div>\n\t\t\t\t<\/div>\n\t\t\t\t\t<\/div>\n\t\t<\/div>\n\t\t\t\t<div class=\"elementor-column elementor-col-50 elementor-inner-column elementor-element elementor-element-cfe7129\" data-id=\"cfe7129\" data-element_type=\"column\">\n\t\t\t<div class=\"elementor-widget-wrap elementor-element-populated\">\n\t\t\t\t\t\t\t\t<div class=\"elementor-element elementor-element-662bd94 elementor-widget elementor-widget-heading\" data-id=\"662bd94\" data-element_type=\"widget\" data-widget_type=\"heading.default\">\n\t\t\t\t<div class=\"elementor-widget-container\">\n\t\t\t<h1 class=\"elementor-heading-title elementor-size-default\">Nos glaces<\/h1>\t\t<\/div>\n\t\t\t\t<\/div>\n\t\t\t\t<div class=\"elementor-element elementor-element-e73cfc3 elementor-widget elementor-widget-text-editor\" data-id=\"e73cfc3\" data-element_type=\"widget\" data-widget_type=\"text-editor.default\">\n\t\t\t\t<div class=\"elementor-widget-container\">\n\t\t\t\t\t\t\t<ul><li style=\"list-style-type: none;\"><ul><li style=\"list-style-type: none;\"><ul><li style=\"list-style-type: none;\"><ul><li>Caf\u00e9<\/li><li>Caramel<\/li><li>Chocolat<\/li><li>Cookies<\/li><li>Noix de coco<\/li><li>Nougat<\/li><li>Pistache<\/li><li>Pralin\u00e9 noisette<\/li><li>Rhum raisin<\/li><li>Vanille<\/li><\/ul><\/li><\/ul><\/li><\/ul><\/li><\/ul>\t\t\t\t\t\t<\/div>\n\t\t\t\t<\/div>\n\t\t\t\t\t<\/div>\n\t\t<\/div>\n\t\t\t\t\t\t\t<\/div>\n\t\t<\/section>\n\t\t\t\t<div class=\"elementor-element elementor-element-f057d1d elementor-widget elementor-widget-heading\" data-id=\"f057d1d\" data-element_type=\"widget\" data-widget_type=\"heading.default\">\n\t\t\t\t<div class=\"elementor-widget-container\">\n\t\t\t<h1 class=\"elementor-heading-title elementor-size-default\">Nos desserts glac\u00e9s<\/h1>\t\t<\/div>\n\t\t\t\t<\/div>\n\t\t\t\t<section class=\"elementor-section elementor-inner-section elementor-element elementor-element-de27a86 elementor-section-boxed elementor-section-height-default elementor-section-height-default\" data-id=\"de27a86\" data-element_type=\"section\">\n\t\t\t\t\t\t<div class=\"elementor-container elementor-column-gap-no\">\n\t\t\t\t\t<div class=\"elementor-column elementor-col-33 elementor-inner-column elementor-element elementor-element-77460ae\" data-id=\"77460ae\" data-element_type=\"column\">\n\t\t\t<div class=\"elementor-widget-wrap elementor-element-populated\">\n\t\t\t\t\t\t\t\t<div class=\"elementor-element elementor-element-4be0668 elementor-position-top elementor-widget elementor-widget-image-box\" data-id=\"4be0668\" data-element_type=\"widget\" data-widget_type=\"image-box.default\">\n\t\t\t\t<div class=\"elementor-widget-container\">\n\t\t\t<style>\/*! elementor - v3.15.0 - 20-08-2023 *\/\n.elementor-widget-image-box .elementor-image-box-content{width:100%}@media (min-width:768px){.elementor-widget-image-box.elementor-position-left .elementor-image-box-wrapper,.elementor-widget-image-box.elementor-position-right .elementor-image-box-wrapper{display:flex}.elementor-widget-image-box.elementor-position-right .elementor-image-box-wrapper{text-align:right;flex-direction:row-reverse}.elementor-widget-image-box.elementor-position-left .elementor-image-box-wrapper{text-align:left;flex-direction:row}.elementor-widget-image-box.elementor-position-top .elementor-image-box-img{margin:auto}.elementor-widget-image-box.elementor-vertical-align-top .elementor-image-box-wrapper{align-items:flex-start}.elementor-widget-image-box.elementor-vertical-align-middle .elementor-image-box-wrapper{align-items:center}.elementor-widget-image-box.elementor-vertical-align-bottom .elementor-image-box-wrapper{align-items:flex-end}}@media (max-width:767px){.elementor-widget-image-box .elementor-image-box-img{margin-left:auto!important;margin-right:auto!important;margin-bottom:15px}}.elementor-widget-image-box .elementor-image-box-img{display:inline-block}.elementor-widget-image-box .elementor-image-box-title a{color:inherit}.elementor-widget-image-box .elementor-image-box-wrapper{text-align:center}.elementor-widget-image-box .elementor-image-box-description{margin:0}<\/style><div class=\"elementor-image-box-wrapper\"><figure class=\"elementor-image-box-img\"><img loading=\"lazy\" decoding=\"async\" width=\"300\" height=\"223\" src=\"https:\/\/patisserienugue.com\/wp-content\/uploads\/2023\/08\/GL_Esquimaux-1-300x223.png\" class=\"attachment-medium size-medium wp-image-622\" alt=\"Exquis-maux\" srcset=\"https:\/\/patisserienugue.com\/wp-content\/uploads\/2023\/08\/GL_Esquimaux-1-300x223.png 300w, https:\/\/patisserienugue.com\/wp-content\/uploads\/2023\/08\/GL_Esquimaux-1.png 504w\" sizes=\"auto, (max-width: 300px) 100vw, 300px\" \/><\/figure><div class=\"elementor-image-box-content\"><h3 class=\"elementor-image-box-title\">Exquis-maux<\/h3><p class=\"elementor-image-box-description\">Chocolat, Passion, Fraise, Framboise, Caramel, Vanille, Pistache, Pralin\u00e9, Coco, Nougat et Mangue<\/p><\/div><\/div>\t\t<\/div>\n\t\t\t\t<\/div>\n\t\t\t\t\t<\/div>\n\t\t<\/div>\n\t\t\t\t<div class=\"elementor-column elementor-col-33 elementor-inner-column elementor-element elementor-element-51a455b\" data-id=\"51a455b\" data-element_type=\"column\">\n\t\t\t<div class=\"elementor-widget-wrap elementor-element-populated\">\n\t\t\t\t\t\t\t\t<div class=\"elementor-element elementor-element-46c89a7 elementor-position-top elementor-widget elementor-widget-image-box\" data-id=\"46c89a7\" data-element_type=\"widget\" data-widget_type=\"image-box.default\">\n\t\t\t\t<div class=\"elementor-widget-container\">\n\t\t\t<div class=\"elementor-image-box-wrapper\"><figure class=\"elementor-image-box-img\"><img loading=\"lazy\" decoding=\"async\" width=\"300\" height=\"200\" src=\"https:\/\/patisserienugue.com\/wp-content\/uploads\/2023\/08\/GL_OmeletteNorvegienne-300x200.png\" class=\"attachment-medium size-medium wp-image-202\" alt=\"Omelette Norv\u00e9gienne\" srcset=\"https:\/\/patisserienugue.com\/wp-content\/uploads\/2023\/08\/GL_OmeletteNorvegienne-300x200.png 300w, https:\/\/patisserienugue.com\/wp-content\/uploads\/2023\/08\/GL_OmeletteNorvegienne.png 400w\" sizes=\"auto, (max-width: 300px) 100vw, 300px\" \/><\/figure><div class=\"elementor-image-box-content\"><h3 class=\"elementor-image-box-title\">Omelette norv\u00e9gienne<\/h3><p class=\"elementor-image-box-description\">Glace vanille, biscuit imbib\u00e9 Grand Marnier et d\u00e9cor meringue moelleuse<\/p><\/div><\/div>\t\t<\/div>\n\t\t\t\t<\/div>\n\t\t\t\t\t<\/div>\n\t\t<\/div>\n\t\t\t\t<div class=\"elementor-column elementor-col-33 elementor-inner-column elementor-element elementor-element-0e8d01f\" data-id=\"0e8d01f\" data-element_type=\"column\">\n\t\t\t<div class=\"elementor-widget-wrap elementor-element-populated\">\n\t\t\t\t\t\t\t\t<div class=\"elementor-element elementor-element-8bb6802 elementor-position-top elementor-widget elementor-widget-image-box\" data-id=\"8bb6802\" data-element_type=\"widget\" data-widget_type=\"image-box.default\">\n\t\t\t\t<div class=\"elementor-widget-container\">\n\t\t\t<div class=\"elementor-image-box-wrapper\"><figure class=\"elementor-image-box-img\"><img loading=\"lazy\" decoding=\"async\" width=\"300\" height=\"200\" src=\"https:\/\/patisserienugue.com\/wp-content\/uploads\/2023\/08\/GL_Vacherin-300x200.png\" class=\"attachment-medium size-medium wp-image-205\" alt=\"Vacherin\" srcset=\"https:\/\/patisserienugue.com\/wp-content\/uploads\/2023\/08\/GL_Vacherin-300x200.png 300w, https:\/\/patisserienugue.com\/wp-content\/uploads\/2023\/08\/GL_Vacherin.png 400w\" sizes=\"auto, (max-width: 300px) 100vw, 300px\" \/><\/figure><div class=\"elementor-image-box-content\"><h3 class=\"elementor-image-box-title\">Vacherin<\/h3><p class=\"elementor-image-box-description\">Duo sorbet et glace (parfum au choix) et meringue, d\u00e9cor chantilly<\/p><\/div><\/div>\t\t<\/div>\n\t\t\t\t<\/div>\n\t\t\t\t\t<\/div>\n\t\t<\/div>\n\t\t\t\t\t\t\t<\/div>\n\t\t<\/section>\n\t\t\t\t<section class=\"elementor-section elementor-inner-section elementor-element elementor-element-782ad88 elementor-section-boxed elementor-section-height-default elementor-section-height-default\" data-id=\"782ad88\" data-element_type=\"section\">\n\t\t\t\t\t\t<div class=\"elementor-container elementor-column-gap-no\">\n\t\t\t\t\t<div class=\"elementor-column elementor-col-33 elementor-inner-column elementor-element elementor-element-c8dacb4\" data-id=\"c8dacb4\" data-element_type=\"column\">\n\t\t\t<div class=\"elementor-widget-wrap elementor-element-populated\">\n\t\t\t\t\t\t\t\t<div class=\"elementor-element elementor-element-9774962 elementor-position-top elementor-widget elementor-widget-image-box\" data-id=\"9774962\" data-element_type=\"widget\" data-widget_type=\"image-box.default\">\n\t\t\t\t<div class=\"elementor-widget-container\">\n\t\t\t<div class=\"elementor-image-box-wrapper\"><figure class=\"elementor-image-box-img\"><img loading=\"lazy\" decoding=\"async\" width=\"300\" height=\"200\" src=\"https:\/\/patisserienugue.com\/wp-content\/uploads\/2023\/08\/GL_Boules-300x200.png\" class=\"attachment-medium size-medium wp-image-198\" alt=\"Duo-Glac\u00e9s\" srcset=\"https:\/\/patisserienugue.com\/wp-content\/uploads\/2023\/08\/GL_Boules-300x200.png 300w, https:\/\/patisserienugue.com\/wp-content\/uploads\/2023\/08\/GL_Boules.png 400w\" sizes=\"auto, (max-width: 300px) 100vw, 300px\" \/><\/figure><div class=\"elementor-image-box-content\"><h3 class=\"elementor-image-box-title\">Duo boules glac\u00e9es<\/h3><p class=\"elementor-image-box-description\">Avec sorbets et glaces enrob\u00e9es de chocolat (part individuelle)<\/p><\/div><\/div>\t\t<\/div>\n\t\t\t\t<\/div>\n\t\t\t\t\t<\/div>\n\t\t<\/div>\n\t\t\t\t<div class=\"elementor-column elementor-col-33 elementor-inner-column elementor-element elementor-element-571c675\" data-id=\"571c675\" data-element_type=\"column\">\n\t\t\t<div class=\"elementor-widget-wrap elementor-element-populated\">\n\t\t\t\t\t\t\t\t<div class=\"elementor-element elementor-element-ddb8689 elementor-position-top elementor-widget elementor-widget-image-box\" data-id=\"ddb8689\" data-element_type=\"widget\" data-widget_type=\"image-box.default\">\n\t\t\t\t<div class=\"elementor-widget-container\">\n\t\t\t<div class=\"elementor-image-box-wrapper\"><figure class=\"elementor-image-box-img\"><img loading=\"lazy\" decoding=\"async\" width=\"300\" height=\"200\" src=\"https:\/\/patisserienugue.com\/wp-content\/uploads\/2023\/08\/GL_Perigourdine-300x200.png\" class=\"attachment-medium size-medium wp-image-203\" alt=\"P\u00e9rigourdine\" srcset=\"https:\/\/patisserienugue.com\/wp-content\/uploads\/2023\/08\/GL_Perigourdine-300x200.png 300w, https:\/\/patisserienugue.com\/wp-content\/uploads\/2023\/08\/GL_Perigourdine.png 400w\" sizes=\"auto, (max-width: 300px) 100vw, 300px\" \/><\/figure><div class=\"elementor-image-box-content\"><h3 class=\"elementor-image-box-title\">P\u00e9rigourdine<\/h3><p class=\"elementor-image-box-description\">Glace vanille, meringue et d\u00e9cor de boules sorbets fruits enrob\u00e9es chocolat<\/p><\/div><\/div>\t\t<\/div>\n\t\t\t\t<\/div>\n\t\t\t\t\t<\/div>\n\t\t<\/div>\n\t\t\t\t<div class=\"elementor-column elementor-col-33 elementor-inner-column elementor-element elementor-element-50a5cfd\" data-id=\"50a5cfd\" data-element_type=\"column\">\n\t\t\t<div class=\"elementor-widget-wrap elementor-element-populated\">\n\t\t\t\t\t\t\t\t<div class=\"elementor-element elementor-element-01d347b elementor-position-top elementor-widget elementor-widget-image-box\" data-id=\"01d347b\" data-element_type=\"widget\" data-widget_type=\"image-box.default\">\n\t\t\t\t<div class=\"elementor-widget-container\">\n\t\t\t<div class=\"elementor-image-box-wrapper\"><figure class=\"elementor-image-box-img\"><img loading=\"lazy\" decoding=\"async\" width=\"300\" height=\"200\" src=\"https:\/\/patisserienugue.com\/wp-content\/uploads\/2023\/08\/GL_NougatGlace-300x200.png\" class=\"attachment-medium size-medium wp-image-201\" alt=\"Nougat Glac\u00e9\" srcset=\"https:\/\/patisserienugue.com\/wp-content\/uploads\/2023\/08\/GL_NougatGlace-300x200.png 300w, https:\/\/patisserienugue.com\/wp-content\/uploads\/2023\/08\/GL_NougatGlace.png 400w\" sizes=\"auto, (max-width: 300px) 100vw, 300px\" \/><\/figure><div class=\"elementor-image-box-content\"><h3 class=\"elementor-image-box-title\">Nougat glac\u00e9 framboise<\/h3><p class=\"elementor-image-box-description\">Sorbet framboise, nougat glac\u00e9 et macaron pistache<\/p><\/div><\/div>\t\t<\/div>\n\t\t\t\t<\/div>\n\t\t\t\t\t<\/div>\n\t\t<\/div>\n\t\t\t\t\t\t\t<\/div>\n\t\t<\/section>\n\t\t\t\t<section class=\"elementor-section elementor-inner-section elementor-element elementor-element-bab0538 elementor-section-boxed elementor-section-height-default elementor-section-height-default\" data-id=\"bab0538\" data-element_type=\"section\">\n\t\t\t\t\t\t<div class=\"elementor-container elementor-column-gap-no\">\n\t\t\t\t\t<div class=\"elementor-column elementor-col-33 elementor-inner-column elementor-element elementor-element-5a408f5\" data-id=\"5a408f5\" data-element_type=\"column\">\n\t\t\t<div class=\"elementor-widget-wrap elementor-element-populated\">\n\t\t\t\t\t\t\t\t<div class=\"elementor-element elementor-element-dc23659 elementor-position-top elementor-widget elementor-widget-image-box\" data-id=\"dc23659\" data-element_type=\"widget\" data-widget_type=\"image-box.default\">\n\t\t\t\t<div class=\"elementor-widget-container\">\n\t\t\t<div class=\"elementor-image-box-wrapper\"><figure class=\"elementor-image-box-img\"><img loading=\"lazy\" decoding=\"async\" width=\"300\" height=\"200\" src=\"https:\/\/patisserienugue.com\/wp-content\/uploads\/2023\/08\/GL_SouffleGrandMarnier-300x200.png\" class=\"attachment-medium size-medium wp-image-204\" alt=\"Souffl\u00e9 Grand-Marnier\" srcset=\"https:\/\/patisserienugue.com\/wp-content\/uploads\/2023\/08\/GL_SouffleGrandMarnier-300x200.png 300w, https:\/\/patisserienugue.com\/wp-content\/uploads\/2023\/08\/GL_SouffleGrandMarnier.png 400w\" sizes=\"auto, (max-width: 300px) 100vw, 300px\" \/><\/figure><div class=\"elementor-image-box-content\"><h3 class=\"elementor-image-box-title\">Souffl\u00e9 Grand Marnier<\/h3><\/div><\/div>\t\t<\/div>\n\t\t\t\t<\/div>\n\t\t\t\t\t<\/div>\n\t\t<\/div>\n\t\t\t\t<div class=\"elementor-column elementor-col-33 elementor-inner-column elementor-element elementor-element-ccd4622\" data-id=\"ccd4622\" data-element_type=\"column\">\n\t\t\t<div class=\"elementor-widget-wrap elementor-element-populated\">\n\t\t\t\t\t\t\t\t<div class=\"elementor-element elementor-element-aaff0e3 elementor-position-top elementor-widget elementor-widget-image-box\" data-id=\"aaff0e3\" data-element_type=\"widget\" data-widget_type=\"image-box.default\">\n\t\t\t\t<div class=\"elementor-widget-container\">\n\t\t\t<div class=\"elementor-image-box-wrapper\"><figure class=\"elementor-image-box-img\"><img loading=\"lazy\" decoding=\"async\" width=\"300\" height=\"200\" src=\"https:\/\/patisserienugue.com\/wp-content\/uploads\/2023\/08\/GL_Glamour-300x200.png\" class=\"attachment-medium size-medium wp-image-200\" alt=\"Glamour\" srcset=\"https:\/\/patisserienugue.com\/wp-content\/uploads\/2023\/08\/GL_Glamour-300x200.png 300w, https:\/\/patisserienugue.com\/wp-content\/uploads\/2023\/08\/GL_Glamour.png 400w\" sizes=\"auto, (max-width: 300px) 100vw, 300px\" \/><\/figure><div class=\"elementor-image-box-content\"><h3 class=\"elementor-image-box-title\">Glamour<\/h3><p class=\"elementor-image-box-description\">Glace vanille nougatine pil\u00e9e, sorbet framboise et macaron amande<\/p><\/div><\/div>\t\t<\/div>\n\t\t\t\t<\/div>\n\t\t\t\t\t<\/div>\n\t\t<\/div>\n\t\t\t\t<div class=\"elementor-column elementor-col-33 elementor-inner-column elementor-element elementor-element-e33e0c8\" data-id=\"e33e0c8\" data-element_type=\"column\">\n\t\t\t<div class=\"elementor-widget-wrap elementor-element-populated\">\n\t\t\t\t\t\t\t\t<div class=\"elementor-element elementor-element-5d3ee91 elementor-position-top elementor-widget elementor-widget-image-box\" data-id=\"5d3ee91\" data-element_type=\"widget\" data-widget_type=\"image-box.default\">\n\t\t\t\t<div class=\"elementor-widget-container\">\n\t\t\t<div class=\"elementor-image-box-wrapper\"><figure class=\"elementor-image-box-img\"><img loading=\"lazy\" decoding=\"async\" width=\"300\" height=\"227\" src=\"https:\/\/patisserienugue.com\/wp-content\/uploads\/2023\/08\/Gl_Gaulois-300x227.png\" class=\"attachment-medium size-medium wp-image-465\" alt=\"\" \/><\/figure><div class=\"elementor-image-box-content\"><h3 class=\"elementor-image-box-title\">Gaulois<\/h3><p class=\"elementor-image-box-description\">Sorbet cassis, parfait vanille, macaraon amande<\/p><\/div><\/div>\t\t<\/div>\n\t\t\t\t<\/div>\n\t\t\t\t\t<\/div>\n\t\t<\/div>\n\t\t\t\t\t\t\t<\/div>\n\t\t<\/section>\n\t\t\t\t<section class=\"elementor-section elementor-inner-section elementor-element elementor-element-e723d94 elementor-section-boxed elementor-section-height-default elementor-section-height-default\" data-id=\"e723d94\" data-element_type=\"section\">\n\t\t\t\t\t\t<div class=\"elementor-container elementor-column-gap-no\">\n\t\t\t\t\t<div class=\"elementor-column elementor-col-33 elementor-inner-column elementor-element elementor-element-5754a55\" data-id=\"5754a55\" data-element_type=\"column\">\n\t\t\t<div class=\"elementor-widget-wrap elementor-element-populated\">\n\t\t\t\t\t\t\t\t<div class=\"elementor-element elementor-element-f7252d5 elementor-position-top elementor-widget elementor-widget-image-box\" data-id=\"f7252d5\" data-element_type=\"widget\" data-widget_type=\"image-box.default\">\n\t\t\t\t<div class=\"elementor-widget-container\">\n\t\t\t<div class=\"elementor-image-box-wrapper\"><figure class=\"elementor-image-box-img\"><img loading=\"lazy\" decoding=\"async\" width=\"300\" height=\"235\" src=\"https:\/\/patisserienugue.com\/wp-content\/uploads\/2023\/08\/Gl_Miam-300x235.png\" class=\"attachment-medium size-medium wp-image-784\" alt=\"\" srcset=\"https:\/\/patisserienugue.com\/wp-content\/uploads\/2023\/08\/Gl_Miam-300x235.png 300w, https:\/\/patisserienugue.com\/wp-content\/uploads\/2023\/08\/Gl_Miam.png 486w\" sizes=\"auto, (max-width: 300px) 100vw, 300px\" \/><\/figure><div class=\"elementor-image-box-content\"><h3 class=\"elementor-image-box-title\">Miam<\/h3><p class=\"elementor-image-box-description\">Glace vanille, coulis et glace caramel, noix de p\u00e9can caram\u00e9lis\u00e9es, biscuit noix p\u00e9can<\/p><\/div><\/div>\t\t<\/div>\n\t\t\t\t<\/div>\n\t\t\t\t\t<\/div>\n\t\t<\/div>\n\t\t\t\t<div class=\"elementor-column elementor-col-33 elementor-inner-column elementor-element elementor-element-e44a991\" data-id=\"e44a991\" data-element_type=\"column\">\n\t\t\t<div class=\"elementor-widget-wrap elementor-element-populated\">\n\t\t\t\t\t\t\t\t<div class=\"elementor-element elementor-element-813cab5 elementor-position-top elementor-widget elementor-widget-image-box\" data-id=\"813cab5\" data-element_type=\"widget\" data-widget_type=\"image-box.default\">\n\t\t\t\t<div class=\"elementor-widget-container\">\n\t\t\t<div class=\"elementor-image-box-wrapper\"><figure class=\"elementor-image-box-img\"><img loading=\"lazy\" decoding=\"async\" width=\"300\" height=\"111\" src=\"https:\/\/patisserienugue.com\/wp-content\/uploads\/2023\/08\/Gl_Arlequin-1-300x111.png\" class=\"attachment-medium size-medium wp-image-785\" alt=\"\" srcset=\"https:\/\/patisserienugue.com\/wp-content\/uploads\/2023\/08\/Gl_Arlequin-1-300x111.png 300w, https:\/\/patisserienugue.com\/wp-content\/uploads\/2023\/08\/Gl_Arlequin-1-768x285.png 768w, https:\/\/patisserienugue.com\/wp-content\/uploads\/2023\/08\/Gl_Arlequin-1-600x223.png 600w, https:\/\/patisserienugue.com\/wp-content\/uploads\/2023\/08\/Gl_Arlequin-1.png 887w\" sizes=\"auto, (max-width: 300px) 100vw, 300px\" \/><\/figure><div class=\"elementor-image-box-content\"><h3 class=\"elementor-image-box-title\">Arlequin<\/h3><p class=\"elementor-image-box-description\">panch\u00e9 de sorbets aux fruits<\/p><\/div><\/div>\t\t<\/div>\n\t\t\t\t<\/div>\n\t\t\t\t\t<\/div>\n\t\t<\/div>\n\t\t\t\t<div class=\"elementor-column elementor-col-33 elementor-inner-column elementor-element elementor-element-e5da60b\" data-id=\"e5da60b\" data-element_type=\"column\">\n\t\t\t<div class=\"elementor-widget-wrap\">\n\t\t\t\t\t\t\t\t\t<\/div>\n\t\t<\/div>\n\t\t\t\t\t\t\t<\/div>\n\t\t<\/section>\n\t\t\t\t\t<\/div>\n\t\t<\/div>\n\t\t\t\t\t\t\t<\/div>\n\t\t<\/section>\n\t\t\t\t\t\t\t<\/div>\n\t\t","protected":false},"excerpt":{"rendered":"<p>Glaces artisanales et desserts glac\u00e9s \u00e0 Chauffailles La P\u00e2tisserie Chocolaterie NUGUE \u00e0 Chauffailles vous propose une collection de glaces, de sorbets et desserts glac\u00e9s faits maison. Un large choix de parfum est disponible allant du plus classique au plus original. Nos sorbets Abricot Cassis Citron Fraise Framboise Kalamansi Mangue Pamplemousse rose Passion Poire Nos glaces &hellip; <\/p>\n<p class=\"link-more\"><a href=\"https:\/\/patisserienugue.com\/index.php\/glaces\/\" class=\"more-link\">Continue reading<span class=\"screen-reader-text\"> \u00ab\u00a0Glaces\u00a0\u00bb<\/span><\/a><\/p>\n","protected":false},"author":1,"featured_media":0,"parent":0,"menu_order":0,"comment_status":"closed","ping_status":"closed","template":"","meta":{"om_disable_all_campaigns":false,"_monsterinsights_skip_tracking":false,"_monsterinsights_sitenote_active":false,"_monsterinsights_sitenote_note":"","_monsterinsights_sitenote_category":0,"footnotes":""},"class_list":["post-323","page","type-page","status-publish","hentry"],"aioseo_notices":[],"_links":{"self":[{"href":"https:\/\/patisserienugue.com\/index.php\/wp-json\/wp\/v2\/pages\/323","targetHints":{"allow":["GET"]}}],"collection":[{"href":"https:\/\/patisserienugue.com\/index.php\/wp-json\/wp\/v2\/pages"}],"about":[{"href":"https:\/\/patisserienugue.com\/index.php\/wp-json\/wp\/v2\/types\/page"}],"author":[{"embeddable":true,"href":"https:\/\/patisserienugue.com\/index.php\/wp-json\/wp\/v2\/users\/1"}],"replies":[{"embeddable":true,"href":"https:\/\/patisserienugue.com\/index.php\/wp-json\/wp\/v2\/comments?post=323"}],"version-history":[{"count":71,"href":"https:\/\/patisserienugue.com\/index.php\/wp-json\/wp\/v2\/pages\/323\/revisions"}],"predecessor-version":[{"id":819,"href":"https:\/\/patisserienugue.com\/index.php\/wp-json\/wp\/v2\/pages\/323\/revisions\/819"}],"wp:attachment":[{"href":"https:\/\/patisserienugue.com\/index.php\/wp-json\/wp\/v2\/media?parent=323"}],"curies":[{"name":"wp","href":"https:\/\/api.w.org\/{rel}","templated":true}]}}