{"id":642,"date":"2023-08-13T11:52:22","date_gmt":"2023-08-13T09:52:22","guid":{"rendered":"http:\/\/patisserienugue.com\/?page_id=642"},"modified":"2023-08-27T09:34:46","modified_gmt":"2023-08-27T07:34:46","slug":"macarons-confiseries","status":"publish","type":"page","link":"https:\/\/patisserienugue.com\/index.php\/macarons-confiseries\/","title":{"rendered":"Macarons \/ Confiseries"},"content":{"rendered":"\t\t<div data-elementor-type=\"wp-page\" data-elementor-id=\"642\" class=\"elementor elementor-642\">\n\t\t\t\t\t\t\t\t\t<section class=\"elementor-section elementor-top-section elementor-element elementor-element-dba004c elementor-section-boxed elementor-section-height-default elementor-section-height-default\" data-id=\"dba004c\" data-element_type=\"section\">\n\t\t\t\t\t\t<div class=\"elementor-container elementor-column-gap-default\">\n\t\t\t\t\t<div class=\"elementor-column elementor-col-100 elementor-top-column elementor-element elementor-element-f58f611\" data-id=\"f58f611\" data-element_type=\"column\">\n\t\t\t<div class=\"elementor-widget-wrap elementor-element-populated\">\n\t\t\t\t\t\t\t\t<section class=\"elementor-section elementor-inner-section elementor-element elementor-element-be3c75e elementor-section-boxed elementor-section-height-default elementor-section-height-default\" data-id=\"be3c75e\" data-element_type=\"section\">\n\t\t\t\t\t\t<div class=\"elementor-container elementor-column-gap-default\">\n\t\t\t\t\t<div class=\"elementor-column elementor-col-50 elementor-inner-column elementor-element elementor-element-34736df\" data-id=\"34736df\" data-element_type=\"column\">\n\t\t\t<div class=\"elementor-widget-wrap elementor-element-populated\">\n\t\t\t\t\t\t\t\t<div class=\"elementor-element elementor-element-0ce967f elementor-widget elementor-widget-heading\" data-id=\"0ce967f\" data-element_type=\"widget\" data-widget_type=\"heading.default\">\n\t\t\t\t<div class=\"elementor-widget-container\">\n\t\t\t<style>\/*! elementor - v3.15.0 - 20-08-2023 *\/\n.elementor-heading-title{padding:0;margin:0;line-height:1}.elementor-widget-heading .elementor-heading-title[class*=elementor-size-]>a{color:inherit;font-size:inherit;line-height:inherit}.elementor-widget-heading .elementor-heading-title.elementor-size-small{font-size:15px}.elementor-widget-heading .elementor-heading-title.elementor-size-medium{font-size:19px}.elementor-widget-heading .elementor-heading-title.elementor-size-large{font-size:29px}.elementor-widget-heading .elementor-heading-title.elementor-size-xl{font-size:39px}.elementor-widget-heading .elementor-heading-title.elementor-size-xxl{font-size:59px}<\/style><h1 class=\"elementor-heading-title elementor-size-default\">Nos macarons<\/h1>\t\t<\/div>\n\t\t\t\t<\/div>\n\t\t\t\t<div class=\"elementor-element elementor-element-da56016 elementor-widget elementor-widget-text-editor\" data-id=\"da56016\" data-element_type=\"widget\" data-widget_type=\"text-editor.default\">\n\t\t\t\t<div class=\"elementor-widget-container\">\n\t\t\t<style>\/*! elementor - v3.15.0 - 20-08-2023 *\/\n.elementor-widget-text-editor.elementor-drop-cap-view-stacked .elementor-drop-cap{background-color:#69727d;color:#fff}.elementor-widget-text-editor.elementor-drop-cap-view-framed .elementor-drop-cap{color:#69727d;border:3px solid;background-color:transparent}.elementor-widget-text-editor:not(.elementor-drop-cap-view-default) .elementor-drop-cap{margin-top:8px}.elementor-widget-text-editor:not(.elementor-drop-cap-view-default) .elementor-drop-cap-letter{width:1em;height:1em}.elementor-widget-text-editor .elementor-drop-cap{float:left;text-align:center;line-height:1;font-size:50px}.elementor-widget-text-editor .elementor-drop-cap-letter{display:inline-block}<\/style>\t\t\t\t<p>La P\u00e2tisserie- Chocolaterie NUGUE \u00e0 Chauffailles \u00e9labore des macarons \u00e0 partir des mati\u00e8res premi\u00e8res de grande qualit\u00e9 :<\/p><ul><li style=\"list-style-type: none;\"><ul><li style=\"list-style-type: none;\"><ul><li style=\"list-style-type: none;\"><ul><li>Framboise<\/li><li>Citron<\/li><li>Pistache<\/li><li>Caramel beurre-sal\u00e9<\/li><li>Cassis<\/li><li>Th\u00e9 vert \/ Pain d&rsquo;\u00e9pice<\/li><li>Vanille<\/li><li>Chocolat<\/li><li>Ganache passion<\/li><li>Caf\u00e9<\/li><\/ul><\/li><\/ul><\/li><\/ul><\/li><\/ul>\t\t\t\t\t\t<\/div>\n\t\t\t\t<\/div>\n\t\t\t\t\t<\/div>\n\t\t<\/div>\n\t\t\t\t<div class=\"elementor-column elementor-col-50 elementor-inner-column elementor-element elementor-element-c1ed9e4\" data-id=\"c1ed9e4\" data-element_type=\"column\">\n\t\t\t<div class=\"elementor-widget-wrap elementor-element-populated\">\n\t\t\t\t\t\t\t\t<div class=\"elementor-element elementor-element-374c47a elementor-widget elementor-widget-image\" data-id=\"374c47a\" data-element_type=\"widget\" data-widget_type=\"image.default\">\n\t\t\t\t<div class=\"elementor-widget-container\">\n\t\t\t<style>\/*! elementor - v3.15.0 - 20-08-2023 *\/\n.elementor-widget-image{text-align:center}.elementor-widget-image a{display:inline-block}.elementor-widget-image a img[src$=\".svg\"]{width:48px}.elementor-widget-image img{vertical-align:middle;display:inline-block}<\/style>\t\t\t\t\t\t\t\t\t\t\t\t<img loading=\"lazy\" decoding=\"async\" width=\"640\" height=\"462\" src=\"https:\/\/patisserienugue.com\/wp-content\/uploads\/2023\/08\/Macarons_30-768x554.png\" class=\"attachment-medium_large size-medium_large wp-image-555\" alt=\"30 Macarons\" srcset=\"https:\/\/patisserienugue.com\/wp-content\/uploads\/2023\/08\/Macarons_30-768x554.png 768w, https:\/\/patisserienugue.com\/wp-content\/uploads\/2023\/08\/Macarons_30-300x217.png 300w, https:\/\/patisserienugue.com\/wp-content\/uploads\/2023\/08\/Macarons_30-1024x739.png 1024w, https:\/\/patisserienugue.com\/wp-content\/uploads\/2023\/08\/Macarons_30-1536x1109.png 1536w, https:\/\/patisserienugue.com\/wp-content\/uploads\/2023\/08\/Macarons_30-2048x1478.png 2048w, https:\/\/patisserienugue.com\/wp-content\/uploads\/2023\/08\/Macarons_30-600x433.png 600w, https:\/\/patisserienugue.com\/wp-content\/uploads\/2023\/08\/Macarons_30-e1691920606426.png 500w\" sizes=\"auto, (max-width: 640px) 100vw, 640px\" \/>\t\t\t\t\t\t\t\t\t\t\t\t\t\t\t<\/div>\n\t\t\t\t<\/div>\n\t\t\t\t\t<\/div>\n\t\t<\/div>\n\t\t\t\t\t\t\t<\/div>\n\t\t<\/section>\n\t\t\t\t<div class=\"elementor-element elementor-element-61aa27d elementor-widget elementor-widget-heading\" data-id=\"61aa27d\" data-element_type=\"widget\" data-widget_type=\"heading.default\">\n\t\t\t\t<div class=\"elementor-widget-container\">\n\t\t\t<h1 class=\"elementor-heading-title elementor-size-default\">Nos confiseries<\/h1>\t\t<\/div>\n\t\t\t\t<\/div>\n\t\t\t\t<section class=\"elementor-section elementor-inner-section elementor-element elementor-element-57cfccd elementor-section-boxed elementor-section-height-default elementor-section-height-default\" data-id=\"57cfccd\" data-element_type=\"section\">\n\t\t\t\t\t\t<div class=\"elementor-container elementor-column-gap-no\">\n\t\t\t\t\t<div class=\"elementor-column elementor-col-33 elementor-inner-column elementor-element elementor-element-eb38e85\" data-id=\"eb38e85\" data-element_type=\"column\">\n\t\t\t<div class=\"elementor-widget-wrap elementor-element-populated\">\n\t\t\t\t\t\t\t\t<div class=\"elementor-element elementor-element-20a6ade elementor-position-top elementor-widget elementor-widget-image-box\" data-id=\"20a6ade\" data-element_type=\"widget\" data-widget_type=\"image-box.default\">\n\t\t\t\t<div class=\"elementor-widget-container\">\n\t\t\t<style>\/*! elementor - v3.15.0 - 20-08-2023 *\/\n.elementor-widget-image-box .elementor-image-box-content{width:100%}@media (min-width:768px){.elementor-widget-image-box.elementor-position-left .elementor-image-box-wrapper,.elementor-widget-image-box.elementor-position-right .elementor-image-box-wrapper{display:flex}.elementor-widget-image-box.elementor-position-right .elementor-image-box-wrapper{text-align:right;flex-direction:row-reverse}.elementor-widget-image-box.elementor-position-left .elementor-image-box-wrapper{text-align:left;flex-direction:row}.elementor-widget-image-box.elementor-position-top .elementor-image-box-img{margin:auto}.elementor-widget-image-box.elementor-vertical-align-top .elementor-image-box-wrapper{align-items:flex-start}.elementor-widget-image-box.elementor-vertical-align-middle .elementor-image-box-wrapper{align-items:center}.elementor-widget-image-box.elementor-vertical-align-bottom .elementor-image-box-wrapper{align-items:flex-end}}@media (max-width:767px){.elementor-widget-image-box .elementor-image-box-img{margin-left:auto!important;margin-right:auto!important;margin-bottom:15px}}.elementor-widget-image-box .elementor-image-box-img{display:inline-block}.elementor-widget-image-box .elementor-image-box-title a{color:inherit}.elementor-widget-image-box .elementor-image-box-wrapper{text-align:center}.elementor-widget-image-box .elementor-image-box-description{margin:0}<\/style><div class=\"elementor-image-box-wrapper\"><figure class=\"elementor-image-box-img\"><img loading=\"lazy\" decoding=\"async\" width=\"296\" height=\"300\" src=\"https:\/\/patisserienugue.com\/wp-content\/uploads\/2023\/08\/Panettone-296x300.png\" class=\"attachment-medium size-medium wp-image-558\" alt=\"Panettone\" \/><\/figure><div class=\"elementor-image-box-content\"><h3 class=\"elementor-image-box-title\">Panettone<\/h3><\/div><\/div>\t\t<\/div>\n\t\t\t\t<\/div>\n\t\t\t\t\t<\/div>\n\t\t<\/div>\n\t\t\t\t<div class=\"elementor-column elementor-col-33 elementor-inner-column elementor-element elementor-element-0795328\" data-id=\"0795328\" data-element_type=\"column\">\n\t\t\t<div class=\"elementor-widget-wrap elementor-element-populated\">\n\t\t\t\t\t\t\t\t<div class=\"elementor-element elementor-element-e30ec50 elementor-position-top elementor-widget elementor-widget-image-box\" data-id=\"e30ec50\" data-element_type=\"widget\" data-widget_type=\"image-box.default\">\n\t\t\t\t<div class=\"elementor-widget-container\">\n\t\t\t<div class=\"elementor-image-box-wrapper\"><figure class=\"elementor-image-box-img\"><img loading=\"lazy\" decoding=\"async\" width=\"300\" height=\"182\" src=\"https:\/\/patisserienugue.com\/wp-content\/uploads\/2023\/08\/Pain_Epice-300x182.png\" class=\"attachment-medium size-medium wp-image-557\" alt=\"\" \/><\/figure><div class=\"elementor-image-box-content\"><h3 class=\"elementor-image-box-title\">Pain d'\u00e9pice<\/h3><\/div><\/div>\t\t<\/div>\n\t\t\t\t<\/div>\n\t\t\t\t\t<\/div>\n\t\t<\/div>\n\t\t\t\t<div class=\"elementor-column elementor-col-33 elementor-inner-column elementor-element elementor-element-8fde5a8\" data-id=\"8fde5a8\" data-element_type=\"column\">\n\t\t\t<div class=\"elementor-widget-wrap elementor-element-populated\">\n\t\t\t\t\t\t\t\t<div class=\"elementor-element elementor-element-c857db1 elementor-position-top elementor-widget elementor-widget-image-box\" data-id=\"c857db1\" data-element_type=\"widget\" data-widget_type=\"image-box.default\">\n\t\t\t\t<div class=\"elementor-widget-container\">\n\t\t\t<div class=\"elementor-image-box-wrapper\"><figure class=\"elementor-image-box-img\"><img loading=\"lazy\" decoding=\"async\" width=\"294\" height=\"300\" src=\"https:\/\/patisserienugue.com\/wp-content\/uploads\/2023\/08\/Petit_Fours1-294x300.png\" class=\"attachment-medium size-medium wp-image-559\" alt=\"\" \/><\/figure><div class=\"elementor-image-box-content\"><h3 class=\"elementor-image-box-title\">Petits fours<\/h3><\/div><\/div>\t\t<\/div>\n\t\t\t\t<\/div>\n\t\t\t\t\t<\/div>\n\t\t<\/div>\n\t\t\t\t\t\t\t<\/div>\n\t\t<\/section>\n\t\t\t\t<section class=\"elementor-section elementor-inner-section elementor-element elementor-element-1ada9b2 elementor-section-boxed elementor-section-height-default elementor-section-height-default\" data-id=\"1ada9b2\" data-element_type=\"section\">\n\t\t\t\t\t\t<div class=\"elementor-container elementor-column-gap-no\">\n\t\t\t\t\t<div class=\"elementor-column elementor-col-33 elementor-inner-column elementor-element elementor-element-a949d49\" data-id=\"a949d49\" data-element_type=\"column\">\n\t\t\t<div class=\"elementor-widget-wrap elementor-element-populated\">\n\t\t\t\t\t\t\t\t<div class=\"elementor-element elementor-element-2725482 elementor-position-top elementor-widget elementor-widget-image-box\" data-id=\"2725482\" data-element_type=\"widget\" data-widget_type=\"image-box.default\">\n\t\t\t\t<div class=\"elementor-widget-container\">\n\t\t\t<div class=\"elementor-image-box-wrapper\"><figure class=\"elementor-image-box-img\"><img loading=\"lazy\" decoding=\"async\" width=\"300\" height=\"147\" src=\"https:\/\/patisserienugue.com\/wp-content\/uploads\/2023\/08\/C_Pralines-300x147.png\" class=\"attachment-medium size-medium wp-image-777\" alt=\"\" srcset=\"https:\/\/patisserienugue.com\/wp-content\/uploads\/2023\/08\/C_Pralines-300x147.png 300w, https:\/\/patisserienugue.com\/wp-content\/uploads\/2023\/08\/C_Pralines-768x377.png 768w, https:\/\/patisserienugue.com\/wp-content\/uploads\/2023\/08\/C_Pralines-600x294.png 600w, https:\/\/patisserienugue.com\/wp-content\/uploads\/2023\/08\/C_Pralines.png 1024w\" sizes=\"auto, (max-width: 300px) 100vw, 300px\" \/><\/figure><div class=\"elementor-image-box-content\"><h3 class=\"elementor-image-box-title\">Brioche aux pralines<\/h3><\/div><\/div>\t\t<\/div>\n\t\t\t\t<\/div>\n\t\t\t\t\t<\/div>\n\t\t<\/div>\n\t\t\t\t<div class=\"elementor-column elementor-col-33 elementor-inner-column elementor-element elementor-element-d322603\" data-id=\"d322603\" data-element_type=\"column\">\n\t\t\t<div class=\"elementor-widget-wrap elementor-element-populated\">\n\t\t\t\t\t\t\t\t<div class=\"elementor-element elementor-element-676d012 elementor-position-top elementor-widget elementor-widget-image-box\" data-id=\"676d012\" data-element_type=\"widget\" data-widget_type=\"image-box.default\">\n\t\t\t\t<div class=\"elementor-widget-container\">\n\t\t\t<div class=\"elementor-image-box-wrapper\"><figure class=\"elementor-image-box-img\"><img loading=\"lazy\" decoding=\"async\" width=\"300\" height=\"142\" src=\"https:\/\/patisserienugue.com\/wp-content\/uploads\/2023\/08\/C_CakeBourguignon-300x142.png\" class=\"attachment-medium size-medium wp-image-793\" alt=\"\" srcset=\"https:\/\/patisserienugue.com\/wp-content\/uploads\/2023\/08\/C_CakeBourguignon-300x142.png 300w, https:\/\/patisserienugue.com\/wp-content\/uploads\/2023\/08\/C_CakeBourguignon-768x364.png 768w, https:\/\/patisserienugue.com\/wp-content\/uploads\/2023\/08\/C_CakeBourguignon-600x284.png 600w, https:\/\/patisserienugue.com\/wp-content\/uploads\/2023\/08\/C_CakeBourguignon.png 1024w\" sizes=\"auto, (max-width: 300px) 100vw, 300px\" \/><\/figure><div class=\"elementor-image-box-content\"><h3 class=\"elementor-image-box-title\">Cake bourguignon<\/h3><\/div><\/div>\t\t<\/div>\n\t\t\t\t<\/div>\n\t\t\t\t\t<\/div>\n\t\t<\/div>\n\t\t\t\t<div class=\"elementor-column elementor-col-33 elementor-inner-column elementor-element elementor-element-39b8e20\" data-id=\"39b8e20\" data-element_type=\"column\">\n\t\t\t<div class=\"elementor-widget-wrap elementor-element-populated\">\n\t\t\t\t\t\t\t\t<div class=\"elementor-element elementor-element-6f03f4e elementor-position-top elementor-widget elementor-widget-image-box\" data-id=\"6f03f4e\" data-element_type=\"widget\" data-widget_type=\"image-box.default\">\n\t\t\t\t<div class=\"elementor-widget-container\">\n\t\t\t<div class=\"elementor-image-box-wrapper\"><figure class=\"elementor-image-box-img\"><img loading=\"lazy\" decoding=\"async\" width=\"284\" height=\"300\" src=\"https:\/\/patisserienugue.com\/wp-content\/uploads\/2023\/08\/C_Flamande-284x300.png\" class=\"attachment-medium size-medium wp-image-778\" alt=\"\" srcset=\"https:\/\/patisserienugue.com\/wp-content\/uploads\/2023\/08\/C_Flamande-284x300.png 284w, https:\/\/patisserienugue.com\/wp-content\/uploads\/2023\/08\/C_Flamande-768x812.png 768w, https:\/\/patisserienugue.com\/wp-content\/uploads\/2023\/08\/C_Flamande-600x635.png 600w, https:\/\/patisserienugue.com\/wp-content\/uploads\/2023\/08\/C_Flamande.png 968w\" sizes=\"auto, (max-width: 284px) 100vw, 284px\" \/><\/figure><div class=\"elementor-image-box-content\"><h3 class=\"elementor-image-box-title\">Galette flamande<\/h3><\/div><\/div>\t\t<\/div>\n\t\t\t\t<\/div>\n\t\t\t\t\t<\/div>\n\t\t<\/div>\n\t\t\t\t\t\t\t<\/div>\n\t\t<\/section>\n\t\t\t\t\t<\/div>\n\t\t<\/div>\n\t\t\t\t\t\t\t<\/div>\n\t\t<\/section>\n\t\t\t\t\t\t\t<\/div>\n\t\t","protected":false},"excerpt":{"rendered":"<p>Nos macarons La P\u00e2tisserie- Chocolaterie NUGUE \u00e0 Chauffailles \u00e9labore des macarons \u00e0 partir des mati\u00e8res premi\u00e8res de grande qualit\u00e9 : Framboise Citron Pistache Caramel beurre-sal\u00e9 Cassis Th\u00e9 vert \/ Pain d&rsquo;\u00e9pice Vanille Chocolat Ganache passion Caf\u00e9 Nos confiseries Panettone Pain d&rsquo;\u00e9pice Petits fours Brioche aux pralines Cake bourguignon Galette flamande<\/p>\n","protected":false},"author":1,"featured_media":0,"parent":0,"menu_order":0,"comment_status":"closed","ping_status":"closed","template":"","meta":{"om_disable_all_campaigns":false,"_monsterinsights_skip_tracking":false,"_monsterinsights_sitenote_active":false,"_monsterinsights_sitenote_note":"","_monsterinsights_sitenote_category":0,"footnotes":""},"class_list":["post-642","page","type-page","status-publish","hentry"],"aioseo_notices":[],"_links":{"self":[{"href":"https:\/\/patisserienugue.com\/index.php\/wp-json\/wp\/v2\/pages\/642","targetHints":{"allow":["GET"]}}],"collection":[{"href":"https:\/\/patisserienugue.com\/index.php\/wp-json\/wp\/v2\/pages"}],"about":[{"href":"https:\/\/patisserienugue.com\/index.php\/wp-json\/wp\/v2\/types\/page"}],"author":[{"embeddable":true,"href":"https:\/\/patisserienugue.com\/index.php\/wp-json\/wp\/v2\/users\/1"}],"replies":[{"embeddable":true,"href":"https:\/\/patisserienugue.com\/index.php\/wp-json\/wp\/v2\/comments?post=642"}],"version-history":[{"count":38,"href":"https:\/\/patisserienugue.com\/index.php\/wp-json\/wp\/v2\/pages\/642\/revisions"}],"predecessor-version":[{"id":815,"href":"https:\/\/patisserienugue.com\/index.php\/wp-json\/wp\/v2\/pages\/642\/revisions\/815"}],"wp:attachment":[{"href":"https:\/\/patisserienugue.com\/index.php\/wp-json\/wp\/v2\/media?parent=642"}],"curies":[{"name":"wp","href":"https:\/\/api.w.org\/{rel}","templated":true}]}}